{"id":7581,"date":"2023-02-07T09:14:23","date_gmt":"2023-02-07T07:14:23","guid":{"rendered":"https:\/\/blog.teddyaward.tv\/en\/?page_id=7581"},"modified":"2023-03-13T15:05:03","modified_gmt":"2023-03-13T13:05:03","slug":"directors-exchange-time-after-time","status":"publish","type":"page","link":"https:\/\/blog.teddyaward.tv\/en\/directors-exchange-time-after-time\/","title":{"rendered":"Directors Exchange: Time after time, club culture and the concept of time in Queer Cinema"},"content":{"rendered":"\n<p class=\"has-background\" style=\"background-color:#ffc793\"><strong>Monday 20.02, 12:30 pm &#8211; 1:30<\/strong> <strong>pm<\/strong><\/p>\n\n\n\n<figure class=\"wp-block-embed is-type-video is-provider-youtube wp-block-embed-youtube wp-embed-aspect-16-9 wp-has-aspect-ratio\"><div class=\"wp-block-embed__wrapper\">\n<iframe loading=\"lazy\" title=\"Directors Exchange - with ANTHONY LAPIA  and HANNES HIRSCH\" width=\"474\" height=\"267\" src=\"https:\/\/www.youtube.com\/embed\/i3TKgItAc28?feature=oembed\" frameborder=\"0\" allow=\"accelerometer; autoplay; clipboard-write; encrypted-media; gyroscope; picture-in-picture; web-share\" referrerpolicy=\"strict-origin-when-cross-origin\" allowfullscreen><\/iframe>\n<\/div><\/figure>\n\n\n\n<p><em>Hotel Berlin, Berlin; L\u00fctzowplatz 17; 10785 Berlin<\/em><\/p>\n\n\n\n<p>This year, a number of films invite us into the club as a social place and a space of timeless seduction and seemingly endless possibilities: two being Anthony Lapia\u2019s film After; and Hannes Hirsch\u2019s Berlin metamorphosis Drifter. These films could not be more different in style and narrative, but they both find a common denominator between beats, hedonism and losing oneself. We invite both filmmakers to speak about their inspiration and approach in crafting their films.&nbsp;<\/p>\n\n\n\n<p><em>Free entry without accreditation<\/em><\/p>\n\n\n\n<p style=\"font-size:25px\"><strong>Guests <\/strong><\/p>\n\n\n\n<p><strong>Anthony Lapia<\/strong><br>Anthony studied Fine Arts in Paris and Madrid, then cinema at Paris 8 University, where he produced and directed two short (including Soliloquies, jury prize at Arte Court-Circuit 2010 competition). In 2011, he integrates La f\u00e9mis school and shot Panda with Sol\u00e8ne Rigot and Finnegan Oldfield (Clermont-Ferrand International Film Festival, C\u00f4t\u00e9 Court Festival 2014). Since then, he produced fifteen films with Soci\u00e9t\u00e9 Ac\u00e9phale while working on his own projects. After is his first feature.&nbsp;<\/p>\n\n\n\n<p><strong>Hannes Hirsch<\/strong><br>He studied directing at the Filmarche film school in Berlin and took Thomas Arslan\u2019s Narrative Film class at the Universit\u00e4t der K\u00fcnste in Berlin. His mid-length film\u202fBeach Boy\u202fscreened at a number of festivals including at the Max Oph\u00fcls Prize and at Achtung Berlin where it won the award for best mid-length film. In 2009, he co-founded with Diemo Kemmesies the Milieufilm production company. Hannes Hirsch is also the creator and developer of the Fuzzlecheck film preproduction software.<\/p>\n\n\n\n<p style=\"font-size:25px\"><strong>Moderation<\/strong><\/p>\n\n\n\n<p><strong>Ana David<\/strong><br>Ana David is a film programmer based between Porto and Berlin. Curator at Batalha Centro de Cinema since 2021, a new public institution\/venue dedicated to cinema, artist film, research and discourse just recently opened\u202fin Porto. Member of the selection committee at Berlinale Panorama since 2018. Previous programming positions include IndieLisboa, Berwick Film &amp; Media Arts Festival, BFI London FF, and Queer Lisboa, the latter as co-director.&nbsp;<\/p>\n\n\n\n<p><a href=\"https:\/\/blog.teddyaward.tv\/en\/2023\/02\/07\/2023-teddy-talks-panels\/\" data-type=\"URL\" data-id=\"https:\/\/blog.teddyaward.tv\/en\/2023\/02\/07\/2023-teddy-talks-panels\/\" target=\"_blank\" rel=\"noreferrer noopener\">You can find an overview and schedule of all our talks here.<\/a><\/p>\n","protected":false},"excerpt":{"rendered":"<p>Monday 20.02, 12:30 pm &#8211; 1:30 pm Hotel Berlin, Berlin; L\u00fctzowplatz 17; 10785 Berlin This year, a number of films invite us into the club as a social place and a space of timeless seduction and seemingly endless possibilities: two being Anthony Lapia\u2019s film After; and Hannes Hirsch\u2019s Berlin metamorphosis Drifter. These films could not &hellip; <a href=\"https:\/\/blog.teddyaward.tv\/en\/directors-exchange-time-after-time\/\" class=\"more-link\">Continue reading <span class=\"screen-reader-text\">Directors Exchange: Time after time, club culture and the concept of time in Queer Cinema<\/span> <span class=\"meta-nav\">&rarr;<\/span><\/a><\/p>\n","protected":false},"author":21,"featured_media":7720,"parent":0,"menu_order":0,"comment_status":"closed","ping_status":"closed","template":"","meta":{"_monsterinsights_skip_tracking":false,"_monsterinsights_sitenote_active":false,"_monsterinsights_sitenote_note":"","_monsterinsights_sitenote_category":0,"footnotes":""},"class_list":["post-7581","page","type-page","status-publish","has-post-thumbnail","hentry"],"_links":{"self":[{"href":"https:\/\/blog.teddyaward.tv\/en\/wp-json\/wp\/v2\/pages\/7581","targetHints":{"allow":["GET"]}}],"collection":[{"href":"https:\/\/blog.teddyaward.tv\/en\/wp-json\/wp\/v2\/pages"}],"about":[{"href":"https:\/\/blog.teddyaward.tv\/en\/wp-json\/wp\/v2\/types\/page"}],"author":[{"embeddable":true,"href":"https:\/\/blog.teddyaward.tv\/en\/wp-json\/wp\/v2\/users\/21"}],"replies":[{"embeddable":true,"href":"https:\/\/blog.teddyaward.tv\/en\/wp-json\/wp\/v2\/comments?post=7581"}],"version-history":[{"count":16,"href":"https:\/\/blog.teddyaward.tv\/en\/wp-json\/wp\/v2\/pages\/7581\/revisions"}],"predecessor-version":[{"id":8190,"href":"https:\/\/blog.teddyaward.tv\/en\/wp-json\/wp\/v2\/pages\/7581\/revisions\/8190"}],"wp:featuredmedia":[{"embeddable":true,"href":"https:\/\/blog.teddyaward.tv\/en\/wp-json\/wp\/v2\/media\/7720"}],"wp:attachment":[{"href":"https:\/\/blog.teddyaward.tv\/en\/wp-json\/wp\/v2\/media?parent=7581"}],"curies":[{"name":"wp","href":"https:\/\/api.w.org\/{rel}","templated":true}]}}