{"id":6840,"date":"2022-01-31T00:36:33","date_gmt":"2022-01-30T22:36:33","guid":{"rendered":"http:\/\/blog.teddyaward.tv\/en\/?page_id=6840"},"modified":"2023-01-24T17:05:02","modified_gmt":"2023-01-24T15:05:02","slug":"documentary-essay-film-2022","status":"publish","type":"page","link":"https:\/\/blog.teddyaward.tv\/en\/documentary-essay-film-2022\/","title":{"rendered":"Documentary- Essay Film 2022"},"content":{"rendered":"\n<h3 class=\"wp-block-heading\" id=\"alis\">Alis<\/h3>\n\n\n\n<p>Directors: Clare Weiskopf, Nicol\u00e1s van Hemelryck<br>Colombia, Romania, Chile, 2022, 84&#8242;<\/p>\n\n\n\n<figure class=\"wp-block-image size-large\"><img loading=\"lazy\" decoding=\"async\" width=\"1024\" height=\"576\" src=\"https:\/\/blog.teddyaward.tv\/en\/wp-content\/uploads\/sites\/4\/2022\/02\/202209274_1-s-1024x576.jpg\" alt=\"\" class=\"wp-image-6955\" srcset=\"https:\/\/blog.teddyaward.tv\/en\/wp-content\/uploads\/sites\/4\/2022\/02\/202209274_1-s-1024x576.jpg 1024w, https:\/\/blog.teddyaward.tv\/en\/wp-content\/uploads\/sites\/4\/2022\/02\/202209274_1-s-300x169.jpg 300w, https:\/\/blog.teddyaward.tv\/en\/wp-content\/uploads\/sites\/4\/2022\/02\/202209274_1-s-768x432.jpg 768w, https:\/\/blog.teddyaward.tv\/en\/wp-content\/uploads\/sites\/4\/2022\/02\/202209274_1-s.jpg 1280w\" sizes=\"auto, (max-width: 1024px) 100vw, 1024px\" \/><figcaption>Film still Alis, \u00a9 Casatarantula, deFilm, Pantalla Cines<\/figcaption><\/figure>\n\n\n\n<p>\u201cFreedom means to live in the world of her choice. One without fights and without all that she went through. A world without discrimination. Freedom is the most beautiful thing. A place where she can be the happiest person in the world.\u201d<br>In a home in Columbia, ten young women take a seat, one after another, and close their eyes. They are asked to picture Alis, an imaginary friend, and to bring her story to life in a creative dialogue with the filmmakers. Like the interviewees, Alis used to live on the streets of Bogot\u00e1. This imaginary companion is the seed for an extraordinary documentary format, serving as a reflective and delicate point of entry to the protagonists\u2019 own stories. Alis becomes a surface for the projection of past traumas, or the travails of companions who fell by the wayside, and also for life visions and desires for the future. The imaginary friend is a blank slate for exploring individual ideas of freedom, as well as battles that have yet to be fought. <em><a href=\"https:\/\/teddyaward.tv\/en\/archive?a-z=1&amp;select=A&amp;id_film=927\" data-type=\"URL\" data-id=\"https:\/\/teddyaward.tv\/en\/archive?a-z=1&amp;select=A&amp;id_film=927\" target=\"_blank\" rel=\"noreferrer noopener\">more<\/a><\/em><\/p>\n\n\n\n<p><\/p>\n\n\n\n<h3 class=\"wp-block-heading\" id=\"ak-mark-ve-olum-love-deutschmarks-and-death\">Ak, Mark ve \u00d6l\u00fcm<br>(Love, Deutschmarks and Death)<\/h3>\n\n\n\n<p>Director: Cem Kaya, Germany, 2022, 96\u00b4<\/p>\n\n\n\n<figure class=\"wp-block-image size-large\"><img loading=\"lazy\" decoding=\"async\" width=\"1024\" height=\"494\" src=\"https:\/\/blog.teddyaward.tv\/en\/wp-content\/uploads\/sites\/4\/2022\/02\/202208694_1-s-1024x494.jpg\" alt=\"\" class=\"wp-image-6956\" srcset=\"https:\/\/blog.teddyaward.tv\/en\/wp-content\/uploads\/sites\/4\/2022\/02\/202208694_1-s-1024x494.jpg 1024w, https:\/\/blog.teddyaward.tv\/en\/wp-content\/uploads\/sites\/4\/2022\/02\/202208694_1-s-300x145.jpg 300w, https:\/\/blog.teddyaward.tv\/en\/wp-content\/uploads\/sites\/4\/2022\/02\/202208694_1-s-768x371.jpg 768w, https:\/\/blog.teddyaward.tv\/en\/wp-content\/uploads\/sites\/4\/2022\/02\/202208694_1-s.jpg 1280w\" sizes=\"auto, (max-width: 1024px) 100vw, 1024px\" \/><figcaption>Film still A\u015fk, Mark ve \u00d6l\u00fcm, \u00a9 filmfaust, Film Five<\/figcaption><\/figure>\n\n\n\n<p>The German Federal Republic\u2019s 1961 recruitment agreement with Turkey not only brought \u201cguest workers\u201d to Germany but also their music. Cem Kaya\u2019s dense documentary film essay is a tutorial in Turkish-German recent history that tells a tale of assembly line jobs, homesickness and family reunification, the bazaar in the elevated railway station at Berlin\u2019s B\u00fclowstra\u00dfe, xenophobia and racism, the wistful songs of the early years and the hip-hop of the post-reunification period. These are the stories shared by musicians beginning with Metin T\u00fcrk\u00f6z and Y\u00fcksel \u00d6zkasap, to the psychedelic Derdiyoklar and the chart-topping rapper Muhabbet. Their music has evolved a long way from that of German bands and has always developed out of the Turkish community and its desires. This is the world of Radio Yilmaz, various music cassette labels, protest rocker Cem Karaca\u2019s German exile, and wedding bands that also sing in Kurdish and Arabic to meet the demands of the market. Extensive archival research and an interest in Turkish popular culture are recurring themes in Cem Kaya\u2019s work. With Ak, Mark ve \u00d6l\u00fcm, he has created a rhythmic and vividly narrated cinematic encyclopaedia of Turkish music in Germany.<\/p>\n\n\n\n<p><\/p>\n\n\n\n<h3 class=\"wp-block-heading\" id=\"brainwashed-sex-camera-power\">Brainwashed: Sex-Camera-Power<\/h3>\n\n\n\n<p>Director: Nina Menkes<br>USA, 2022, 107\u00b4<\/p>\n\n\n\n<figure class=\"wp-block-image size-large\"><img loading=\"lazy\" decoding=\"async\" width=\"1024\" height=\"662\" src=\"https:\/\/blog.teddyaward.tv\/en\/wp-content\/uploads\/sites\/4\/2022\/02\/202200805_1-s-1024x662.jpg\" alt=\"\" class=\"wp-image-6957\" srcset=\"https:\/\/blog.teddyaward.tv\/en\/wp-content\/uploads\/sites\/4\/2022\/02\/202200805_1-s-1024x662.jpg 1024w, https:\/\/blog.teddyaward.tv\/en\/wp-content\/uploads\/sites\/4\/2022\/02\/202200805_1-s-300x194.jpg 300w, https:\/\/blog.teddyaward.tv\/en\/wp-content\/uploads\/sites\/4\/2022\/02\/202200805_1-s-768x497.jpg 768w, https:\/\/blog.teddyaward.tv\/en\/wp-content\/uploads\/sites\/4\/2022\/02\/202200805_1-s.jpg 1280w\" sizes=\"auto, (max-width: 1024px) 100vw, 1024px\" \/><figcaption>CalArts Hosts Nina Menkes &#8211; Sex and Power<\/figcaption><\/figure>\n\n\n\n<p>Since 2017, #MeToo and the no-longer-covered-up abuse of countless women by Harvey Weinstein have called many things into question in the film industry. This documentary analysis of the male gaze in cinema is based on Nina Menkes\u2019 lecture \u201cSex and Power: The Visual Language of Oppression\u201d. In it, Menkes uncovers patriarchal narrative structures that lie behind supposedly classic set-ups and camera angles. Making use of feminist film theorist Laura Mulvey\u2019s theses on the objectification and sexualisation of the female body, she shows how aesthetic decisions such as camera movement or lighting influence the perception of women on screen, and how shot design functions as an instrument and a mirror of power relations. In doing so, she determines a connection between established film language and a culture of misogyny that leads to the abuse of women beyond the screen. Her individual analyses of scenes from 120 years of film history demystify many a cult film in the independent canon \u2013 because the film language that has been shaped by the patriarchy pervades more than just Hollywood cinema. <em><a href=\"https:\/\/teddyaward.tv\/en\/archive?a-z=1&amp;select=B&amp;id_film=929\" data-type=\"URL\" data-id=\"https:\/\/teddyaward.tv\/en\/archive?a-z=1&amp;select=B&amp;id_film=929\" target=\"_blank\" rel=\"noreferrer noopener\">more<\/a><\/em><\/p>\n\n\n\n<p><\/p>\n\n\n\n<h3 class=\"wp-block-heading\" id=\"dreaming-walls\">Dreaming Walls<\/h3>\n\n\n\n<p>Directors: Am\u00e9lie van Elmbt, Maya Duverdier<br>Belgium, France, USA, Netherlands, Sweden, 2022, 80&#8242;<\/p>\n\n\n\n<figure class=\"wp-block-image size-large\"><img loading=\"lazy\" decoding=\"async\" width=\"1024\" height=\"769\" src=\"https:\/\/blog.teddyaward.tv\/en\/wp-content\/uploads\/sites\/4\/2022\/02\/202201831_1-s-1024x769.jpg\" alt=\"\" class=\"wp-image-6958\" srcset=\"https:\/\/blog.teddyaward.tv\/en\/wp-content\/uploads\/sites\/4\/2022\/02\/202201831_1-s-1024x769.jpg 1024w, https:\/\/blog.teddyaward.tv\/en\/wp-content\/uploads\/sites\/4\/2022\/02\/202201831_1-s-300x225.jpg 300w, https:\/\/blog.teddyaward.tv\/en\/wp-content\/uploads\/sites\/4\/2022\/02\/202201831_1-s-768x577.jpg 768w, https:\/\/blog.teddyaward.tv\/en\/wp-content\/uploads\/sites\/4\/2022\/02\/202201831_1-s.jpg 1280w\" sizes=\"auto, (max-width: 1024px) 100vw, 1024px\" \/><figcaption>Film still Dreaming Walls, \u00a9 Clin d\u2019oeil films<\/figcaption><\/figure>\n\n\n\n<p>The camera hovers, lost in reverie as voices and sounds waft through the gutted rooms of a building. Archive footage is sometimes projected onto unplastered walls and at others used as a soundtrack as we continue our tour. This is the legendary Chelsea Hotel, famous as the preferred abode of New York\u2019s bohemia from the 1950s to the 1980s. Here, bourgeois society\u2019s misfits \u2013 sex workers, poets, queers and artists \u2013 were able to find cheap accommodation and form alliances. In this documentary, the remaining tenants from that era grant access to their flats and give us an insight into their lives. They are the focus of a film that interweaves the present with the ghosts of the past. The completion of eight years of luxury refurbishment ahead of the building\u2019s reopening as a hotel is eagerly awaited by some residents and dreaded by others.<br>By portraying the dissenters and the rooms they inhabit in such a touching way, the filmmakers have succeeded in capturing a kaleidoscopic image of an era that embraces both the pain of loss and the joy of living; that bids a fond farewell as it points towards immortality. <em><a href=\"https:\/\/teddyaward.tv\/en\/archive?a-z=1&amp;select=D&amp;id_film=930\" data-type=\"URL\" data-id=\"https:\/\/teddyaward.tv\/en\/archive?a-z=1&amp;select=D&amp;id_film=930\" target=\"_blank\" rel=\"noreferrer noopener\">more<\/a><\/em><\/p>\n\n\n\n<p><\/p>\n\n\n\n<h3 class=\"wp-block-heading\" id=\"if-from-every-tongue-it-drips\">If from Every Tongue It Drips<\/h3>\n\n\n\n<p>Director: Sharlene Bamboat<br>Canada, United Kingdom, Sri Lanka, 2021, 68\u00b4<\/p>\n\n\n\n<figure class=\"wp-block-image size-large\"><img loading=\"lazy\" decoding=\"async\" width=\"1024\" height=\"573\" src=\"https:\/\/blog.teddyaward.tv\/en\/wp-content\/uploads\/sites\/4\/2022\/02\/202201216_1-s-1024x573.jpg\" alt=\"\" class=\"wp-image-6959\" srcset=\"https:\/\/blog.teddyaward.tv\/en\/wp-content\/uploads\/sites\/4\/2022\/02\/202201216_1-s-1024x573.jpg 1024w, https:\/\/blog.teddyaward.tv\/en\/wp-content\/uploads\/sites\/4\/2022\/02\/202201216_1-s-300x168.jpg 300w, https:\/\/blog.teddyaward.tv\/en\/wp-content\/uploads\/sites\/4\/2022\/02\/202201216_1-s-768x430.jpg 768w, https:\/\/blog.teddyaward.tv\/en\/wp-content\/uploads\/sites\/4\/2022\/02\/202201216_1-s.jpg 1280w\" sizes=\"auto, (max-width: 1024px) 100vw, 1024px\" \/><figcaption>Film still If from Every Tongue It Drips, \u00a9 Sharlene Bamboat<\/figcaption><\/figure>\n\n\n\n<p>If from Every Tongue It Drips is a hybrid documentary film that uses the framework of quantum physics to explore the ways that personal relationships and political movements at once transcend and challenge time, space, identity, and location. The film follows the lives of a couple living in Batticaloa, Sri Lanka; Ponni writes Rekhti, a form of 19th-century, Urdu, queer poetry; the other, Sarala, is the camera operator. As their personal lives unfold on camera, the lines between rehearsal and reality, location and distance, self and other dissipate and reinforce one another. Simultaneously, through the poet and the camera operator\u2019s daily lives, interconnections between British colonialism, Indian nationalism, and the impact of both on contemporary poetry, dance, and music in South Asia are revealed.<br>If from Every Tongue It Drips explores both literal and figural translation as multiple ways of looking, embedded within the filmmaking<br>process, conducted through a call and response exchange of sound, text, and image between Montreal, Batticaloa, and the Isle of Skye.<br>The film process included working with Glasgow-based Collective Text to integrate captions into the film. <em><a href=\"https:\/\/teddyaward.tv\/en\/archive?a-z=1&amp;select=I&amp;id_film=931\" data-type=\"URL\" data-id=\"https:\/\/teddyaward.tv\/en\/archive?a-z=1&amp;select=I&amp;id_film=931\" target=\"_blank\" rel=\"noreferrer noopener\">more<\/a><\/em><\/p>\n\n\n\n<p><\/p>\n\n\n\n<h3 class=\"wp-block-heading\" id=\"jet-lag\">Jet Lag<\/h3>\n\n\n\n<p>Director: Zheng Lu Xinyuan<br>Switzerland, Austria, 2022, 111\u00b4<\/p>\n\n\n\n<figure class=\"wp-block-image size-large\"><img loading=\"lazy\" decoding=\"async\" width=\"1024\" height=\"694\" src=\"https:\/\/blog.teddyaward.tv\/en\/wp-content\/uploads\/sites\/4\/2022\/02\/202204920_1-s-1024x694.jpg\" alt=\"\" class=\"wp-image-6960\" srcset=\"https:\/\/blog.teddyaward.tv\/en\/wp-content\/uploads\/sites\/4\/2022\/02\/202204920_1-s-1024x694.jpg 1024w, https:\/\/blog.teddyaward.tv\/en\/wp-content\/uploads\/sites\/4\/2022\/02\/202204920_1-s-300x203.jpg 300w, https:\/\/blog.teddyaward.tv\/en\/wp-content\/uploads\/sites\/4\/2022\/02\/202204920_1-s-768x521.jpg 768w, https:\/\/blog.teddyaward.tv\/en\/wp-content\/uploads\/sites\/4\/2022\/02\/202204920_1-s.jpg 1280w\" sizes=\"auto, (max-width: 1024px) 100vw, 1024px\" \/><figcaption>Film still Jet Lag, \u00a9 ZHENGLUXinyuan<\/figcaption><\/figure>\n\n\n\n<p>One journey begins in Graz, in April 2020, the director\u2019s trip back to China in the midst of the lockdown: flight connections on a cracked phone screen, hazmat suits on the aeroplane, tape sealing the hotel room door. But it also intermingles with another, earlier journey from the start, the family trip from China to Myanmar to find out what happened to great-grandfather, who left in the 1940s and never came back; his daughter, the grandmother, is still moved by his absence, just as the director is moved by her in turn. The director films both trips and everything around them too, that\u2019s why it\u2019s so hard to keep things apart, always the same fascination for patterns and textures, the same grainy video in black and white, the same eye for unlikely beauty, the same unflinching gaze. The true meaning of family is so very elusive, for the director, for her grandmother, for her girlfriend and their social group too; as they converse in Mandarin and English, there is love and solidarity, but also pain. The girlfriend comments that there\u2019s no main character in the film, but how could there be? Mind in one place, body still in another, jet lag is the ultimate decentred state. <em><a href=\"https:\/\/teddyaward.tv\/en\/archive?a-z=1&amp;select=J&amp;id_film=932\" data-type=\"URL\" data-id=\"https:\/\/teddyaward.tv\/en\/archive?a-z=1&amp;select=J&amp;id_film=932\" target=\"_blank\" rel=\"noreferrer noopener\">more<\/a><\/em><\/p>\n\n\n\n<p><\/p>\n\n\n\n<h3 class=\"wp-block-heading\" id=\"ladies-only\">Ladies Only<\/h3>\n\n\n\n<p>Director: Rebana Liz John<br>Germany, India, 2021, 79&#8242;<\/p>\n\n\n\n<figure class=\"wp-block-image size-large\"><img loading=\"lazy\" decoding=\"async\" width=\"1024\" height=\"549\" src=\"https:\/\/blog.teddyaward.tv\/en\/wp-content\/uploads\/sites\/4\/2022\/02\/202204246_1-s-1024x549.jpg\" alt=\"\" class=\"wp-image-6963\" srcset=\"https:\/\/blog.teddyaward.tv\/en\/wp-content\/uploads\/sites\/4\/2022\/02\/202204246_1-s-1024x549.jpg 1024w, https:\/\/blog.teddyaward.tv\/en\/wp-content\/uploads\/sites\/4\/2022\/02\/202204246_1-s-300x161.jpg 300w, https:\/\/blog.teddyaward.tv\/en\/wp-content\/uploads\/sites\/4\/2022\/02\/202204246_1-s-768x412.jpg 768w, https:\/\/blog.teddyaward.tv\/en\/wp-content\/uploads\/sites\/4\/2022\/02\/202204246_1-s.jpg 1280w\" sizes=\"auto, (max-width: 1024px) 100vw, 1024px\" \/><figcaption>Film stiill Ladies Only, \u00a9 Milann Tress John<\/figcaption><\/figure>\n\n\n\n<p>A small film crew ventures into the compartments of Mumbai\u2019s local trains that are reserved for women. \u201cWhat makes you angry?\u201d is the simple question the filmmaker poses to the train\u2019s female passengers. Acquaintances and women who are encountering each other by chance are invited to reveal their opinions and stories in a space that is public, yet protected. Their answers and observations are manifold: sometimes funny, sometimes depressing, sometimes combative, sometimes resigned, but always honest, they come together to form an increasingly complex tapestry.<br>Ladies Only is a feminist portrait of modern urban women in India. This documentary provides insights into their views and approaches to life, their ambitions and their freedoms in a highly industrialised world predicated on wealth \u2013 but the film\u2019s political dimension points far beyond Indian society. In passing, we experience the metropolis of Mumbai, its wild mix of cultures, languages and faces, and its colours that even seem to shine through the film\u2019s stylish black-and-white images. <em><a href=\"https:\/\/teddyaward.tv\/en\/archive?a-z=1&amp;select=L&amp;id_film=933\" data-type=\"URL\" data-id=\"https:\/\/teddyaward.tv\/en\/archive?a-z=1&amp;select=L&amp;id_film=933\" target=\"_blank\" rel=\"noreferrer noopener\">more<\/a><\/em><\/p>\n\n\n\n<p><\/p>\n\n\n\n<h3 class=\"wp-block-heading\" id=\"nelly-nadine\">Nelly &amp; Nadine<\/h3>\n\n\n\n<p>Director: Magnus Gertten<br>Sweden, Belgium, Norway, 2022, 92\u00b4<\/p>\n\n\n\n<figure class=\"wp-block-image size-large\"><img loading=\"lazy\" decoding=\"async\" width=\"1024\" height=\"735\" src=\"https:\/\/blog.teddyaward.tv\/en\/wp-content\/uploads\/sites\/4\/2022\/02\/202209157_1-s-1024x735.jpg\" alt=\"\" class=\"wp-image-6964\" srcset=\"https:\/\/blog.teddyaward.tv\/en\/wp-content\/uploads\/sites\/4\/2022\/02\/202209157_1-s-1024x735.jpg 1024w, https:\/\/blog.teddyaward.tv\/en\/wp-content\/uploads\/sites\/4\/2022\/02\/202209157_1-s-300x215.jpg 300w, https:\/\/blog.teddyaward.tv\/en\/wp-content\/uploads\/sites\/4\/2022\/02\/202209157_1-s-768x551.jpg 768w, https:\/\/blog.teddyaward.tv\/en\/wp-content\/uploads\/sites\/4\/2022\/02\/202209157_1-s.jpg 1280w\" sizes=\"auto, (max-width: 1024px) 100vw, 1024px\" \/><figcaption>Film still Nelly &amp; Nadine \u00a9 Auto Images<\/figcaption><\/figure>\n\n\n\n<p>The voice of opera singer Nelly resonates in the middle of Ravensbr\u00fcck concentration camp. Nelly and Nadine met for the first time at Christmas in 1944. They found each other again after liberation and were to stay together for the rest of their lives. Today, Nelly\u2019s granddaughter Sylvie is about to be confronted with her grandmother\u2019s legacy, locked in a box. The photographs, Super 8 footage and audio recordings as well as the poetic and harrowing diary entries that she comes across describe not only her grandmother\u2019s memories of the camp, but also tell the story of her life with Nadine \u2013 a relationship that was never referred to as such by the family. \u201cNothing is real until it\u2019s socially expressed\u201d, says historian Joan Schenkar in conversation with Sylvie.<br>Over a period of one year, Magnus Gertten accompanies granddaughter Sylvie on her cautious search, following the traces of the untold stories that are found in the various sources. A moving film about a deep and loving lesbian relationship and the necessity of individual and collective remembrance. <em><a href=\"https:\/\/teddyaward.tv\/en\/archive?a-z=1&amp;select=N&amp;id_film=934\" data-type=\"URL\" data-id=\"https:\/\/teddyaward.tv\/en\/archive?a-z=1&amp;select=N&amp;id_film=934\" target=\"_blank\" rel=\"noreferrer noopener\">more<\/a><\/em><\/p>\n\n\n\n<p><\/p>\n\n\n\n<h3 class=\"wp-block-heading\" id=\"nel-mio-nome-into-my-name\">Nel mio nome<br>(Into My Name)<\/h3>\n\n\n\n<p>Director: Nicol\u00f2 Bassetti<br>Italy, 2022, 93\u00b4<\/p>\n\n\n\n<figure class=\"wp-block-image size-large\"><img loading=\"lazy\" decoding=\"async\" width=\"1024\" height=\"646\" src=\"https:\/\/blog.teddyaward.tv\/en\/wp-content\/uploads\/sites\/4\/2022\/02\/202202915_1-s-1024x646.jpg\" alt=\"\" class=\"wp-image-6966\" srcset=\"https:\/\/blog.teddyaward.tv\/en\/wp-content\/uploads\/sites\/4\/2022\/02\/202202915_1-s-1024x646.jpg 1024w, https:\/\/blog.teddyaward.tv\/en\/wp-content\/uploads\/sites\/4\/2022\/02\/202202915_1-s-300x189.jpg 300w, https:\/\/blog.teddyaward.tv\/en\/wp-content\/uploads\/sites\/4\/2022\/02\/202202915_1-s-768x484.jpg 768w, https:\/\/blog.teddyaward.tv\/en\/wp-content\/uploads\/sites\/4\/2022\/02\/202202915_1-s.jpg 1280w\" sizes=\"auto, (max-width: 1024px) 100vw, 1024px\" \/><figcaption>Film still Into My Name, \u00a9 Nuovi Paesaggi Urbani Art Of Panic<\/figcaption><\/figure>\n\n\n\n<p>Four friends \u2013 Nic, Leo, Andrea and Raff \u2013 tell the stories of their gender transitions. Looking back on their childhood and youth, they share their personal memories and experiences. Even if they did not always conform to the social norms of femininity \u2013 all four were socialised as girls. Each of their gender biographies may be different, yet there are parallels. This helps them to understand each other and feel less alone. The discussions with partners, the choice of pronouns, the hormone therapy, decisions about surgery and dealing with the authorities \u2013 the processes are diverse, and lengthy. In the strictly binary world we live in, the decision to determine one\u2019s own gender identity is a subversive act.<br>Nel mio nome gives trans people a space to describe their personal paths to their own identity with the name they have chosen for themselves. The film is also a frank and sensitive depiction of the hurdles that they have had to overcome in society in order to implement the necessary social, physical and legal changes. <em><a href=\"https:\/\/teddyaward.tv\/en\/archive?a-z=1&amp;select=N&amp;id_film=935\" data-type=\"URL\" data-id=\"https:\/\/teddyaward.tv\/en\/archive?a-z=1&amp;select=N&amp;id_film=935\" target=\"_blank\" rel=\"noreferrer noopener\">more<\/a><\/em><\/p>\n\n\n\n<p><\/p>\n\n\n\n<h3 class=\"wp-block-heading\" id=\"sab-changa-si-all-was-good\">Sab changa si<br>(All Was Good)<\/h3>\n\n\n\n<p>Director: Teresa A Braggs<br>India, 2022, 77&#8242;<\/p>\n\n\n\n<figure class=\"wp-block-image size-large\"><img loading=\"lazy\" decoding=\"async\" width=\"1024\" height=\"574\" src=\"https:\/\/blog.teddyaward.tv\/en\/wp-content\/uploads\/sites\/4\/2022\/02\/202212290_1-s-1024x574.jpg\" alt=\"\" class=\"wp-image-6967\" srcset=\"https:\/\/blog.teddyaward.tv\/en\/wp-content\/uploads\/sites\/4\/2022\/02\/202212290_1-s-1024x574.jpg 1024w, https:\/\/blog.teddyaward.tv\/en\/wp-content\/uploads\/sites\/4\/2022\/02\/202212290_1-s-300x168.jpg 300w, https:\/\/blog.teddyaward.tv\/en\/wp-content\/uploads\/sites\/4\/2022\/02\/202212290_1-s-768x430.jpg 768w, https:\/\/blog.teddyaward.tv\/en\/wp-content\/uploads\/sites\/4\/2022\/02\/202212290_1-s.jpg 1280w\" sizes=\"auto, (max-width: 1024px) 100vw, 1024px\" \/><figcaption>Film still Sab changa si | All Was Good, \u00a9 Teresa A Braggs<\/figcaption><\/figure>\n\n\n\n<p>Set in the backdrop of the nationwide 2019\u20132020 student protests against the Citizenship Amendment Act in India &#8211; filmed in the city of Bangalore &#8211; Sab changa si is an intimate documentary on friendships, language, love, youth, resistance, and identity of class, caste, religion, and gender. In this film, the political is personal. <em><a href=\"https:\/\/teddyaward.tv\/en\/archive?a-z=1&amp;select=S&amp;id_film=936\" data-type=\"URL\" data-id=\"https:\/\/teddyaward.tv\/en\/archive?a-z=1&amp;select=S&amp;id_film=936\" target=\"_blank\" rel=\"noreferrer noopener\">more<\/a><\/em><\/p>\n\n\n\n<p><\/p>\n","protected":false},"excerpt":{"rendered":"<p>Alis Directors: Clare Weiskopf, Nicol\u00e1s van HemelryckColombia, Romania, Chile, 2022, 84&#8242; \u201cFreedom means to live in the world of her choice. One without fights and without all that she went through. A world without discrimination. Freedom is the most beautiful thing. A place where she can be the happiest person in the world.\u201dIn a home &hellip; <a href=\"https:\/\/blog.teddyaward.tv\/en\/documentary-essay-film-2022\/\" class=\"more-link\">Continue reading <span class=\"screen-reader-text\">Documentary- Essay Film 2022<\/span> <span class=\"meta-nav\">&rarr;<\/span><\/a><\/p>\n","protected":false},"author":4,"featured_media":6953,"parent":0,"menu_order":0,"comment_status":"closed","ping_status":"closed","template":"","meta":{"_monsterinsights_skip_tracking":false,"_monsterinsights_sitenote_active":false,"_monsterinsights_sitenote_note":"","_monsterinsights_sitenote_category":0,"footnotes":""},"class_list":["post-6840","page","type-page","status-publish","has-post-thumbnail","hentry"],"_links":{"self":[{"href":"https:\/\/blog.teddyaward.tv\/en\/wp-json\/wp\/v2\/pages\/6840","targetHints":{"allow":["GET"]}}],"collection":[{"href":"https:\/\/blog.teddyaward.tv\/en\/wp-json\/wp\/v2\/pages"}],"about":[{"href":"https:\/\/blog.teddyaward.tv\/en\/wp-json\/wp\/v2\/types\/page"}],"author":[{"embeddable":true,"href":"https:\/\/blog.teddyaward.tv\/en\/wp-json\/wp\/v2\/users\/4"}],"replies":[{"embeddable":true,"href":"https:\/\/blog.teddyaward.tv\/en\/wp-json\/wp\/v2\/comments?post=6840"}],"version-history":[{"count":22,"href":"https:\/\/blog.teddyaward.tv\/en\/wp-json\/wp\/v2\/pages\/6840\/revisions"}],"predecessor-version":[{"id":7420,"href":"https:\/\/blog.teddyaward.tv\/en\/wp-json\/wp\/v2\/pages\/6840\/revisions\/7420"}],"wp:featuredmedia":[{"embeddable":true,"href":"https:\/\/blog.teddyaward.tv\/en\/wp-json\/wp\/v2\/media\/6953"}],"wp:attachment":[{"href":"https:\/\/blog.teddyaward.tv\/en\/wp-json\/wp\/v2\/media?parent=6840"}],"curies":[{"name":"wp","href":"https:\/\/api.w.org\/{rel}","templated":true}]}}